{"id":964,"date":"2019-08-31T21:05:34","date_gmt":"2019-09-01T01:05:34","guid":{"rendered":"https:\/\/celtech.online\/?page_id=964"},"modified":"2019-10-12T20:52:44","modified_gmt":"2019-10-13T00:52:44","slug":"hosting-2","status":"publish","type":"page","link":"https:\/\/celconnection.net\/fr\/hosting-2\/","title":{"rendered":"H\u00e9vergement"},"content":{"rendered":"<p>[vc_row][vc_column][vc_single_image image=&#8221;893&#8243; img_size=&#8221;full&#8221;][vc_empty_space hide_on_mobile=&#8221;&#8221;]<div id=\"sc_content_388467252\"\n\t\tclass=\"sc_content color_style_default sc_content_default sc_float_center\"><div class=\"sc_item_descr sc_content_descr sc_align_left\"><p>Serveurs puissant surveill\u00e9s 24\/7. Plate-forme s\u00fbre et fiable pour tout site Web. Pare-feu avanc\u00e9s \u00e0 des logiciels de s\u00e9curit\u00e9 personnalis\u00e9s. Avec Cpnel, la plateforme d\u2019h\u00e9bergement la plus connue et la plus populaire dans le monde, vous pouvez installer n\u2019importe quel script que vous voulez en un seul clic. En plus des sauvegardes automatiques hebdomadaires, vous serez en mesure de g\u00e9n\u00e9rer vos propres sauvegardes compl\u00e8tes ou partielles.<\/p>\n<\/div><div class=\"sc_content_container\"><\/div><\/div><!-- \/.sc_content -->[\/vc_column][\/vc_row]<\/p>","protected":false},"excerpt":{"rendered":"<p>[vc_row][vc_column][vc_single_image image=&#8221;893&#8243; img_size=&#8221;full&#8221;][vc_empty_space hide_on_mobile=&#8221;&#8221;][\/vc_column][\/vc_row]<\/p>","protected":false},"author":1,"featured_media":0,"parent":0,"menu_order":0,"comment_status":"closed","ping_status":"closed","template":"","meta":{"_monsterinsights_skip_tracking":false,"_monsterinsights_sitenote_active":false,"_monsterinsights_sitenote_note":"","_monsterinsights_sitenote_category":0,"spay_email":""},"_links":{"self":[{"href":"https:\/\/celconnection.net\/fr\/wp-json\/wp\/v2\/pages\/964"}],"collection":[{"href":"https:\/\/celconnection.net\/fr\/wp-json\/wp\/v2\/pages"}],"about":[{"href":"https:\/\/celconnection.net\/fr\/wp-json\/wp\/v2\/types\/page"}],"author":[{"embeddable":true,"href":"https:\/\/celconnection.net\/fr\/wp-json\/wp\/v2\/users\/1"}],"replies":[{"embeddable":true,"href":"https:\/\/celconnection.net\/fr\/wp-json\/wp\/v2\/comments?post=964"}],"version-history":[{"count":13,"href":"https:\/\/celconnection.net\/fr\/wp-json\/wp\/v2\/pages\/964\/revisions"}],"predecessor-version":[{"id":1585,"href":"https:\/\/celconnection.net\/fr\/wp-json\/wp\/v2\/pages\/964\/revisions\/1585"}],"wp:attachment":[{"href":"https:\/\/celconnection.net\/fr\/wp-json\/wp\/v2\/media?parent=964"}],"curies":[{"name":"wp","href":"https:\/\/api.w.org\/{rel}","templated":true}]}}