{"id":320,"date":"2017-04-19T13:25:52","date_gmt":"2017-04-19T13:25:52","guid":{"rendered":"http:\/\/celtech.online\/?page_id=320"},"modified":"2026-02-21T10:23:19","modified_gmt":"2026-02-21T15:23:19","slug":"home","status":"publish","type":"page","link":"https:\/\/celconnection.net\/fr\/","title":{"rendered":"Accueil"},"content":{"rendered":"<p>[vc_row][vc_column][vc_empty_space hide_on_mobile=&#8221;&#8221;][vc_empty_space hide_on_mobile=&#8221;&#8221;][rev_slider_vc alias=&#8221;Video&#8221;][vc_empty_space hide_on_mobile=&#8221;&#8221;][vc_empty_space hide_on_mobile=&#8221;&#8221;][vc_empty_space hide_on_mobile=&#8221;&#8221;][vc_empty_space hide_on_mobile=&#8221;&#8221;]<div id=\"sc_title_617643796\"\n\t\tclass=\"sc_title color_style_default sc_title_line_under_center\"><h3 class=\"sc_item_title sc_title_title sc_align_center sc_item_title_style_line_under_center\">Our Hosting Plans<\/h3><\/div><!-- \/.sc_title -->[\/vc_column][\/vc_row][vc_row][vc_column][rev_slider_vc alias=&#8221;home2&#8243;][\/vc_column][\/vc_row][vc_row full_width=&#8221;stretch_row&#8221; css=&#8221;.vc_custom_1497952958515{background-color: #edf1f2 !important;}&#8221;][vc_column width=&#8221;1\/4&#8243;][vc_icon icon_fontawesome=&#8221;fa fa-dot-circle-o&#8221; color=&#8221;juicy_pink&#8221;]<div id=\"sc_content_1393023476\"\n\t\tclass=\"sc_content color_style_default sc_content_default sc_float_center\"><h6 class=\"sc_item_subtitle sc_content_subtitle sc_align_left sc_item_title_style_default\">Basic Avantages<\/h6><div class=\"sc_item_descr sc_content_descr sc_align_left\"><p>Espace Disque 100 MB<br \/>\nBande passante 100 GB<br \/>\nBD MySQL 1<br \/>\nSauvegarde 0<br \/>\nE-Mails 1<br \/>\nSous domaines 2<br \/>\nComptes FTP 1<\/p>\n<\/div><div class=\"sc_content_container\"><\/div><\/div><!-- \/.sc_content -->[\/vc_column][vc_column width=&#8221;1\/4&#8243;][vc_icon icon_fontawesome=&#8221;fa fa-dot-circle-o&#8221; color=&#8221;juicy_pink&#8221;]<div id=\"sc_content_1408750234\"\n\t\tclass=\"sc_content color_style_default sc_content_default sc_float_center\"><h6 class=\"sc_item_subtitle sc_content_subtitle sc_align_left sc_item_title_style_default\">Premium Avantages<\/h6><div class=\"sc_item_descr sc_content_descr sc_align_left\"><p>Espace Disque 1.000 MB<br \/>\nBande passante illimit\u00e9e<br \/>\nBD MySQL Illimit\u00e9<br \/>\nSauvegarde 0<br \/>\nE-Mails Illimit\u00e9s<br \/>\nSous domaines 100<br \/>\nComptes FTP Illimit\u00e9es<\/p>\n<\/div><div class=\"sc_content_container\"><\/div><\/div><!-- \/.sc_content -->[\/vc_column][vc_column width=&#8221;1\/4&#8243;][vc_icon icon_fontawesome=&#8221;fa fa-dot-circle-o&#8221; color=&#8221;juicy_pink&#8221;]<div id=\"sc_content_1634245255\"\n\t\tclass=\"sc_content color_style_default sc_content_default sc_float_center\"><h6 class=\"sc_item_subtitle sc_content_subtitle sc_align_left sc_item_title_style_default\">Platine Avantages<\/h6><div class=\"sc_item_descr sc_content_descr sc_align_left\"><p>Espace Disque 5.000 MB<br \/>\nBande passante illimit\u00e9e<br \/>\nBD MySQL Illimit\u00e9<br \/>\nSauvegarde automatique<br \/>\nE-Mails Illimit\u00e9s<br \/>\nSous domaines 100<br \/>\nComptes FTP Illimit\u00e9es<\/p>\n<\/div><div class=\"sc_content_container\"><\/div><\/div><!-- \/.sc_content -->[\/vc_column][vc_column width=&#8221;1\/4&#8243;][vc_icon icon_fontawesome=&#8221;fa fa-dot-circle-o&#8221; color=&#8221;juicy_pink&#8221;]<div id=\"sc_content_71207820\"\n\t\tclass=\"sc_content color_style_default sc_content_default sc_float_center\"><h6 class=\"sc_item_subtitle sc_content_subtitle sc_align_left sc_item_title_style_default\">Or Avantages<\/h6><div class=\"sc_item_descr sc_content_descr sc_align_left\"><p>Espace Disque Illimit\u00e9<br \/>\nBande passante illimit\u00e9e<br \/>\nBD MySQL Illimit\u00e9<br \/>\nSauvegarde automatique<br \/>\nE-Mails Illimit\u00e9s<br \/>\nIllimit\u00e9s<br \/>\nComptes FTP Illimit\u00e9es<\/p>\n<\/div><div class=\"sc_content_container\"><\/div><\/div><!-- \/.sc_content -->[\/vc_column][\/vc_row][vc_row][vc_column][vc_empty_space height=&#8221;2.45em&#8221; alter_height=&#8221;none&#8221; hide_on_mobile=&#8221;&#8221;]<div id=\"sc_title_1034986450\"\n\t\tclass=\"sc_title color_style_default sc_title_line_under_center\"><h1 class=\"sc_item_title sc_title_title sc_align_center sc_item_title_style_line_under_center sc_item_title_tag\">Meilleure offre pour cr\u00e9ation web<\/h1><div class=\"sc_item_descr sc_title_descr sc_align_center\"><p>Les clients peuvent trouver plusieurs options de conception Web, y compris le commerce \u00e9lectronique, le chat en direct et plus encore.<\/p>\n<\/div><\/div><!-- \/.sc_title -->[vc_empty_space height=&#8221;2.45em&#8221; alter_height=&#8221;none&#8221; hide_on_mobile=&#8221;&#8221;][\/vc_column][\/vc_row][vc_row equal_height=&#8221;yes&#8221; css=&#8221;.vc_custom_1498143818240{margin-right: 0px !important;margin-left: 0px !important;border-right-width: 0px !important;padding-left: 0px !important;background-color: #edf1f2 !important;}&#8221;][vc_column width=&#8221;1\/2&#8243; css=&#8221;.vc_custom_1497969774988{margin-right: 0px !important;margin-left: 0px !important;padding-right: 0px !important;padding-left: 0px !important;}&#8221;]<div style=\"width:;\" class=\"cqtooltip-wrapper\" data-opacity=\"1\" data-tooltipanimation=\"fall\" data-tooltipstyle=\"shadow\" data-trigger=\"\" data-maxwidth=\"240\" data-marginoffset=\"\" data-isdisplayall=\"off\" data-displayednum=\"1\"><img src=\"https:\/\/celconnection.net\/wp-content\/uploads\/2026\/02\/F1.png\" alt=\"\" \/><div class=\"cq-hotspots\"><div class=\"hotspot-item pulse-white\" style=\"top:22%;left:51%;\" data-top=\"22%\" data-left=\"51%\"><a href=\"#\" class=\"cq-tooltip\" style=\"background:rgba(1,139,181,0.8);\" data-tooltip=\"It\u2019s fun and easy to create your professionally looking website\" data-arrowposition=\"\"><span style=\"background:#ffffff;\"><\/span><\/a><\/div><div class=\"hotspot-item pulse-white\" style=\"top:39%;left:29%;\" data-top=\"39%\" data-left=\"29%\"><a href=\"#\" class=\"cq-tooltip\" style=\"background:rgba(1,139,181,0.8);\" data-tooltip=\"It\u2019s fun and easy to create your professionally looking websitethe backend.\" data-arrowposition=\"top\"><span style=\"background:#ffffff;\"><\/span><\/a><\/div><div class=\"hotspot-item pulse-white\" style=\"top:59%;left:70%;\" data-top=\"59%\" data-left=\"70%\"><a href=\"#\" class=\"cq-tooltip\" style=\"background:rgba(1,139,181,0.8);\" data-tooltip=\"It\u2019s fun and easy to create your professionally looking website\" data-arrowposition=\"top\"><span style=\"background:#ffffff;\"><\/span><\/a><\/div><\/div><\/div>[\/vc_column][vc_column width=&#8221;1\/2&#8243; css=&#8221;.vc_custom_1498049855072{padding-left: 30px !important;}&#8221; el_class=&#8221;padding_left_none&#8221;][vc_empty_space height=&#8221;1.4em&#8221; alter_height=&#8221;none&#8221; hide_on_mobile=&#8221;1,3,2&#8243;][vc_empty_space height=&#8221;0.5em&#8221; alter_height=&#8221;none&#8221; hide_on_mobile=&#8221;&#8221;][vc_custom_heading text=&#8221;Unique designs created with AI.<br \/>\nUsing all available technology we can achieve stable and robust applications.&#8221; font_container=&#8221;tag:h4|text_align:left|color:%23262828&#8243; use_theme_fonts=&#8221;yes&#8221; css=&#8221;.vc_custom_1771685186538{margin-top: 0px !important;margin-bottom: 0px !important;}&#8221;][vc_empty_space height=&#8221;0.2em&#8221; alter_height=&#8221;none&#8221; hide_on_mobile=&#8221;2&#8243;][vc_custom_heading text=&#8221;Free Domain<br \/>\nCloud Hosting<br \/>\n100 mail accounts&#8221; font_container=&#8221;tag:h6|text_align:left|color:%2391999b&#8221; use_theme_fonts=&#8221;yes&#8221; css=&#8221;.vc_custom_1665071003317{margin-top: 0px !important;margin-bottom: 0px !important;}&#8221;][vc_empty_space height=&#8221;0.5em&#8221; alter_height=&#8221;none&#8221; hide_on_mobile=&#8221;1,3,2&#8243;][vc_empty_space height=&#8221;0.5em&#8221; alter_height=&#8221;none&#8221; hide_on_mobile=&#8221;&#8221;][vc_custom_heading text=&#8221;&#8221; font_container=&#8221;tag:h6|text_align:left|color:%2391999b&#8221; use_theme_fonts=&#8221;yes&#8221; el_class=&#8221;display_inline&#8221; css=&#8221;.vc_custom_1567094216113{margin-top: 0px !important;margin-bottom: 0px !important;margin-left: 10px !important;}&#8221;][vc_empty_space height=&#8221;0.5em&#8221; alter_height=&#8221;none&#8221; hide_on_mobile=&#8221;2&#8243;][vc_empty_space height=&#8221;0.4em&#8221; alter_height=&#8221;none&#8221; hide_on_mobile=&#8221;&#8221;][vc_empty_space height=&#8221;2.3em&#8221; alter_height=&#8221;none&#8221; hide_on_mobile=&#8221;1,3&#8243;][vc_empty_space height=&#8221;0.8em&#8221; alter_height=&#8221;none&#8221; hide_on_mobile=&#8221;&#8221;][\/vc_column][\/vc_row][vc_row][vc_column][vc_empty_space height=&#8221;3em&#8221; alter_height=&#8221;none&#8221; hide_on_mobile=&#8221;&#8221;][vc_empty_space height=&#8221;4.1em&#8221; alter_height=&#8221;none&#8221; hide_on_mobile=&#8221;1,3&#8243;][\/vc_column][\/vc_row][vc_row full_width=&#8221;stretch_row_content_no_spaces&#8221; equal_height=&#8221;yes&#8221;][vc_column]<div class=\"sc_layouts sc_layouts_default sc_layouts_532\">[vc_row full_width=\"stretch_row_content_no_spaces\" equal_height=\"yes\" scheme=\"dark\" row_delimiter=\"\" row_fixed=\"\" hide_on_tablet=\"\" hide_on_mobile=\"\" hide_on_frontpage=\"\"][vc_column width=\"1\/2\" icons_position=\"left\" css=\".vc_custom_1569415325792{background-color: #1c1e1e !important;}\"][vc_empty_space height=\"3em\" alter_height=\"none\" hide_on_mobile=\"\"][vc_empty_space height=\"2.2em\" alter_height=\"none\" hide_on_mobile=\"1,3\"]<div id=\"sc_content_577511360\"\n\t\tclass=\"sc_content color_style_default sc_content_default sc_float_center sc_content_width_85p\"><div class=\"sc_content_container\"><div class=\"sc_layouts_item\"><div id=\"sc_title_1572593336\"\n\t\tclass=\"sc_title color_style_default sc_title_line_under_right\"><h1 class=\"sc_item_title sc_title_title sc_align_right sc_item_title_style_line_under_right sc_item_title_tag\">Feel Free to Contact Us<\/h1><div class=\"sc_item_descr sc_title_descr sc_align_right\"><p>Nous sommes des experts en solutions cr\u00e9atives. Appelez-nous du lundi au vendredi de 8 h \u00e0 17 h<\/p>\n<\/div><\/div><!-- \/.sc_title --><\/div>[vc_empty_space height=\"1.7em\" alter_height=\"none\" hide_on_mobile=\"\"]<\/div><\/div><!-- \/.sc_content -->[vc_empty_space height=\"2.4em\" alter_height=\"none\" hide_on_mobile=\"\"][\/vc_column][vc_column width=\"1\/2\" icons_position=\"left\" css=\".vc_custom_1569416467386{background-image: url(https:\/\/celconnection.net\/wp-content\/uploads\/2017\/06\/businessman-2056031_1280.jpg?id=974) !important;background-position: center !important;background-repeat: no-repeat !important;background-size: cover !important;}\"][vc_empty_space height=\"25em\" alter_height=\"none\" hide_on_mobile=\"\"][\/vc_column][\/vc_row]<\/div>[\/vc_column][\/vc_row][vc_row full_width=&#8221;stretch_row&#8221; css=&#8221;.vc_custom_1492528172838{background-color: #edf1f2 !important;}&#8221;][vc_column][vc_empty_space height=&#8221;3em&#8221; alter_height=&#8221;none&#8221; hide_on_mobile=&#8221;&#8221;][vc_empty_space height=&#8221;2.65em&#8221; alter_height=&#8221;none&#8221; hide_on_mobile=&#8221;1,3&#8243;]<div id=\"sc_title_730133635\"\n\t\tclass=\"sc_title color_style_default sc_title_line_under_center\"><h1 class=\"sc_item_title sc_title_title sc_align_center sc_item_title_style_line_under_center sc_item_title_tag\">Marketing num\u00e9rique<\/h1><\/div><!-- \/.sc_title -->[vc_empty_space height=&#8221;1.3em&#8221; alter_height=&#8221;none&#8221; hide_on_mobile=&#8221;1,3&#8243;]<div class=\"cq-parallaxcontainer\"  data-speed=\"\" data-coverratio=\"\" data-holderminheight=\"200\" data-holdermaxheight=\"300\" data-extraheight=\"\"><div class=\"cq-parallaximage\" data-image=\"https:\/\/celconnection.net\/wp-content\/uploads\/2019\/08\/seo-3007488_1920.jpg\" data-width=\"1920\" data-height=\"1202\" data-image-mobile=\"https:\/\/celconnection.net\/wp-content\/uploads\/2019\/08\/seo-3007488_1920-640x401.jpg\" data-link=\"\" data-target=\"\"><\/div><section class=\"cq-parallaxsection\" style=\"color:#333;background:#FFF;padding:2% 5%;\">Optimisation des moteurs de recherche. Qualit\u00e9 du trafic, quantit\u00e9 de trafic et r\u00e9sultats organiques. Il est temps d\u2019appliquer les techniques de r\u00e9f\u00e9rencement \u00e0 votre site!<br \/>\n<\/section><div class=\"cq-parallaximage\" data-image=\"https:\/\/celconnection.net\/wp-content\/uploads\/2017\/04\/digital-marketing-1725340_1280.jpg\" data-width=\"1280\" data-height=\"853\" data-image-mobile=\"https:\/\/celconnection.net\/wp-content\/uploads\/2017\/04\/digital-marketing-1725340_1280-640x427.jpg\" data-link=\"\" data-target=\"\"><\/div><section class=\"cq-parallaxsection\" style=\"color:#333;background:#FFF;padding:2% 5%;\"><\/p>\n<p>Google Analytics. Vous pouvez suivre les visiteurs pour votre marketing en ligne et cr\u00e9er vos propres rapports statistiques. <br \/>\n<\/section><div class=\"cq-parallaximage\" data-image=\"https:\/\/celconnection.net\/wp-content\/uploads\/2019\/09\/arrows-2899888_1920.jpg\" data-width=\"1920\" data-height=\"1280\" data-image-mobile=\"https:\/\/celconnection.net\/wp-content\/uploads\/2019\/09\/arrows-2899888_1920-640x427.jpg\" data-link=\"\" data-target=\"\"><\/div><section class=\"cq-parallaxsection\" style=\"color:#333;background:#FFF;padding:2% 5%;\"><\/p>\n<p>Strat\u00e9gie Adwords. Google Adwords est une plateforme de publicit\u00e9 payante par clic. Qu\u2019attendez-vous pour lancer la campagne Google Adwords?<\/section><\/div>[\/vc_column][\/vc_row][vc_row][vc_column][\/vc_column][\/vc_row][vc_row][vc_column][vc_empty_space height=&#8221;3em&#8221; alter_height=&#8221;none&#8221; hide_on_mobile=&#8221;&#8221;][vc_empty_space height=&#8221;3em&#8221; alter_height=&#8221;none&#8221; hide_on_mobile=&#8221;1,3&#8243;][\/vc_column][\/vc_row][vc_row][vc_column width=&#8221;2\/3&#8243;]<div id=\"sc_title_2080218413\"\n\t\tclass=\"sc_title color_style_default sc_title_line_under_left\"><h1 class=\"sc_item_title sc_title_title sc_align_left sc_item_title_style_line_under_left sc_item_title_tag\">Contactez-nous et trouvez votre domaine!<\/h1><div class=\"sc_item_descr sc_title_descr sc_align_left\"><p>You can find any kind of extentions domain to your web site. We are here to help you in that important desition!<\/p>\n<\/div><\/div><!-- \/.sc_title -->[vc_empty_space height=&#8221;1.45em&#8221; alter_height=&#8221;none&#8221; hide_on_mobile=&#8221;&#8221;][vc_empty_space height=&#8221;2.25em&#8221; alter_height=&#8221;none&#8221; hide_on_mobile=&#8221;1,3&#8243;][vc_empty_space height=&#8221;2em&#8221; alter_height=&#8221;none&#8221; hide_on_mobile=&#8221;&#8221;][\/vc_column][vc_column width=&#8221;1\/3&#8243;][vc_raw_html]JTVCZm9ybWluYXRvcl9mb3JtJTIwaWQlM0QlMjIxMzgwJTIyJTVE[\/vc_raw_html][\/vc_column][\/vc_row][vc_row][vc_column][vc_empty_space height=&#8221;3em&#8221; alter_height=&#8221;none&#8221; hide_on_mobile=&#8221;1,3&#8243;][vc_empty_space height=&#8221;2em&#8221; alter_height=&#8221;none&#8221; hide_on_mobile=&#8221;&#8221;][\/vc_column][\/vc_row][vc_row full_width=&#8221;stretch_row_content_no_spaces&#8221;][vc_column]<div id=\"sc_googlemap_1514278883_wrap\" class=\"sc_googlemap_wrap\"><div id=\"sc_googlemap_1514278883\"\n\t\t\tclass=\"sc_googlemap sc_googlemap_default\"\n\t\t\t style=\"width:100%;height:365px;\"\t\t\tdata-zoom=\"16\"\n\t\t\tdata-style=\"default\"\n\t\t\tdata-cluster-icon=\"\"\n\t\t\t><iframe\n                    src=\"https:\/\/maps.google.com\/maps?t=m&output=embed&iwloc=near&z=16&q=13265+Cure+Labelle%2C+Mirabel+QC\"\n                    scrolling=\"no\"\n                    marginheight=\"0\"\n                    marginwidth=\"0\"\n                    frameborder=\"0\"\n                    aria-label=\"\"><\/iframe><\/div><\/div><!-- \/.sc_googlemap_wrap -->[\/vc_column][\/vc_row]<\/p>","protected":false},"excerpt":{"rendered":"<p>[vc_row][vc_column][vc_empty_space hide_on_mobile=&#8221;&#8221;][vc_empty_space hide_on_mobile=&#8221;&#8221;][rev_slider_vc alias=&#8221;Video&#8221;][vc_empty_space hide_on_mobile=&#8221;&#8221;][vc_empty_space hide_on_mobile=&#8221;&#8221;][vc_empty_space hide_on_mobile=&#8221;&#8221;][vc_empty_space hide_on_mobile=&#8221;&#8221;][\/vc_column][\/vc_row][vc_row][vc_column][rev_slider_vc alias=&#8221;home2&#8243;][\/vc_column][\/vc_row][vc_row full_width=&#8221;stretch_row&#8221; css=&#8221;.vc_custom_1497952958515{background-color: #edf1f2 !important;}&#8221;][vc_column width=&#8221;1\/4&#8243;][vc_icon icon_fontawesome=&#8221;fa fa-dot-circle-o&#8221; color=&#8221;juicy_pink&#8221;][\/vc_column][vc_column width=&#8221;1\/4&#8243;][vc_icon icon_fontawesome=&#8221;fa fa-dot-circle-o&#8221; color=&#8221;juicy_pink&#8221;][\/vc_column][vc_column width=&#8221;1\/4&#8243;][vc_icon icon_fontawesome=&#8221;fa fa-dot-circle-o&#8221; color=&#8221;juicy_pink&#8221;][\/vc_column][vc_column width=&#8221;1\/4&#8243;][vc_icon icon_fontawesome=&#8221;fa fa-dot-circle-o&#8221; color=&#8221;juicy_pink&#8221;][\/vc_column][\/vc_row][vc_row][vc_column][vc_empty_space height=&#8221;2.45em&#8221; alter_height=&#8221;none&#8221; hide_on_mobile=&#8221;&#8221;][vc_empty_space height=&#8221;2.45em&#8221; alter_height=&#8221;none&#8221; hide_on_mobile=&#8221;&#8221;][\/vc_column][\/vc_row][vc_row equal_height=&#8221;yes&#8221; css=&#8221;.vc_custom_1498143818240{margin-right: 0px !important;margin-left: 0px !important;border-right-width: 0px !important;padding-left: 0px !important;background-color: #edf1f2 !important;}&#8221;][vc_column width=&#8221;1\/2&#8243; css=&#8221;.vc_custom_1497969774988{margin-right: 0px&hellip;<\/p>","protected":false},"author":1,"featured_media":0,"parent":0,"menu_order":0,"comment_status":"closed","ping_status":"closed","template":"","meta":{"_monsterinsights_skip_tracking":false,"_monsterinsights_sitenote_active":false,"_monsterinsights_sitenote_note":"","_monsterinsights_sitenote_category":0,"spay_email":""},"_links":{"self":[{"href":"https:\/\/celconnection.net\/fr\/wp-json\/wp\/v2\/pages\/320"}],"collection":[{"href":"https:\/\/celconnection.net\/fr\/wp-json\/wp\/v2\/pages"}],"about":[{"href":"https:\/\/celconnection.net\/fr\/wp-json\/wp\/v2\/types\/page"}],"author":[{"embeddable":true,"href":"https:\/\/celconnection.net\/fr\/wp-json\/wp\/v2\/users\/1"}],"replies":[{"embeddable":true,"href":"https:\/\/celconnection.net\/fr\/wp-json\/wp\/v2\/comments?post=320"}],"version-history":[{"count":81,"href":"https:\/\/celconnection.net\/fr\/wp-json\/wp\/v2\/pages\/320\/revisions"}],"predecessor-version":[{"id":4310,"href":"https:\/\/celconnection.net\/fr\/wp-json\/wp\/v2\/pages\/320\/revisions\/4310"}],"wp:attachment":[{"href":"https:\/\/celconnection.net\/fr\/wp-json\/wp\/v2\/media?parent=320"}],"curies":[{"name":"wp","href":"https:\/\/api.w.org\/{rel}","templated":true}]}}